{"id":1447,"date":"2025-02-03T11:27:24","date_gmt":"2025-02-03T08:27:24","guid":{"rendered":"https:\/\/biorenda.com\/serum\/"},"modified":"2026-03-04T12:22:54","modified_gmt":"2026-03-04T09:22:54","slug":"serum","status":"publish","type":"page","link":"https:\/\/biorenda.com\/en\/serum\/","title":{"rendered":"Serum"},"content":{"rendered":"\t\t<div data-elementor-type=\"wp-page\" data-elementor-id=\"1447\" class=\"elementor elementor-1447 elementor-1100\" data-elementor-post-type=\"page\">\n\t\t\t\t\t\t<section class=\"elementor-section elementor-top-section elementor-element elementor-element-e484cde elementor-section-boxed elementor-section-height-default elementor-section-height-default\" data-id=\"e484cde\" data-element_type=\"section\" data-e-type=\"section\" data-settings=\"{&quot;background_background&quot;:&quot;classic&quot;}\">\n\t\t\t\t\t\t<div class=\"elementor-container elementor-column-gap-default\">\n\t\t\t\t\t<div class=\"elementor-column elementor-col-100 elementor-top-column elementor-element elementor-element-0af7a0f\" data-id=\"0af7a0f\" data-element_type=\"column\" data-e-type=\"column\">\n\t\t\t<div class=\"elementor-widget-wrap elementor-element-populated\">\n\t\t\t\t\t\t<div class=\"elementor-element elementor-element-372e07d elementor-widget elementor-widget-shortcode\" data-id=\"372e07d\" data-element_type=\"widget\" data-e-type=\"widget\" data-widget_type=\"shortcode.default\">\n\t\t\t\t<div class=\"elementor-widget-container\">\n\t\t\t\t\t\t\t<div class=\"elementor-shortcode\"><div class=\"wpte-popup-display\"><\/div><div class=\"wpte-product-container wpte-product-layout-wrapper-6\" id=\"wpte-product-layout-wrapper-6\"><div class=\"wpte-product-row\"><div class=\"wpte-product-load\">\t\t\t<div class=\"wpte-product-column wpte-product-general-column wpte-product-card wpte-col-lap-3 wpte-col-tab-2 wpte-col-mob-1 \">\n\t\t\t\n\t\t\t\t<div class=\"wpte-general-layout-row wpte-product-general-style-1 wpte-swiper-slide\">\n\t\t\t\t\t<div class=\"wpte-general-layout-image-area\">\n\t\t\t\t\t\t<ul><li class=\"onsale product-label\">-20% <\/li><\/ul><a href=\"https:\/\/biorenda.com\/en\/urun\/astabotanic-facial-serum\/\"   class=\"wpte-general-layout-product-img\">\n\t\t\t\t\t\t\t\t<div class=\"wpte-general-layout-product-thumb wpte-general-layout-product-hover-image\">\n\t\t\t\t\t\t\t\t\t<img fetchpriority=\"high\" decoding=\"async\" width=\"800\" height=\"1000\" src=\"data:image\/svg+xml;charset=utf-8,%3Csvg xmlns%3D&#039;http%3A%2F%2Fwww.w3.org%2F2000%2Fsvg&#039; viewBox%3D&#039;0 0  &#039;%2F%3E\" class=\"attachment-woocommerce_single size-woocommerce_single ld-lazyload\" alt=\"Astabotanic Facial Serum\" loading=\"eager\" data-src=\"https:\/\/biorenda.com\/wp-content\/uploads\/2025\/01\/astabotanic-yuz-serumu-3-800x1000.jpg\" data-srcset=\"https:\/\/biorenda.com\/wp-content\/uploads\/2025\/01\/astabotanic-yuz-serumu-3-800x1000.jpg 800w, https:\/\/biorenda.com\/wp-content\/uploads\/2025\/01\/astabotanic-yuz-serumu-3-240x300.jpg 240w, https:\/\/biorenda.com\/wp-content\/uploads\/2025\/01\/astabotanic-yuz-serumu-3-819x1024.jpg 819w, https:\/\/biorenda.com\/wp-content\/uploads\/2025\/01\/astabotanic-yuz-serumu-3.jpg 1200w\" data-sizes=\"(max-width: 800px) 100vw, 800px\" data-aspect=\"\" \/>\n\t\t\t\t\t\t\t\t<\/div>\n\t\t\t\t\t\t\t\t<div class=\"wpte-general-layout-product-gallery-thumb wpte-general-layout-product-hover-g-image\">\n\t\t\t\t\t\t\t\t\t<img decoding=\"async\" width=\"800\" height=\"1000\" src=\"data:image\/svg+xml;charset=utf-8,%3Csvg xmlns%3D&#039;http%3A%2F%2Fwww.w3.org%2F2000%2Fsvg&#039; viewBox%3D&#039;0 0  &#039;%2F%3E\" class=\"attachment-woocommerce_single size-woocommerce_single ld-lazyload\" alt=\"Astabotanic Y\u00fcz Serumu, ciltteki ince \u00e7izgileri azaltarak gen\u00e7 ve sa\u011fl\u0131kl\u0131 bir g\u00f6r\u00fcn\u00fcm kazand\u0131r\u0131r. Besleyici do\u011fal \u00f6zler ve vitaminlerle zenginle\u015ftirilmi\u015f form\u00fcl\u00fc, cilt tonunu e\u015fitler ve nem dengesini sa\u011flar.\" data-src=\"https:\/\/biorenda.com\/wp-content\/uploads\/2025\/01\/astabotanic-facial-serum-4-819x1024.jpg\" data-srcset=\"https:\/\/biorenda.com\/wp-content\/uploads\/2025\/01\/astabotanic-facial-serum-4-819x1024.jpg 819w, https:\/\/biorenda.com\/wp-content\/uploads\/2025\/01\/astabotanic-facial-serum-4-240x300.jpg 240w, https:\/\/biorenda.com\/wp-content\/uploads\/2025\/01\/astabotanic-facial-serum-4-600x750.jpg 600w, https:\/\/biorenda.com\/wp-content\/uploads\/2025\/01\/astabotanic-facial-serum-4.jpg 1200w\" data-sizes=\"(max-width: 800px) 100vw, 800px\" data-aspect=\"\" \/>\n\t\t\t\t\t\t\t\t<\/div>\n\t\t\t\t\t\t\t<\/a>\t\t\t\t\t\t<div class=\"wpte-general-layout-product-icons wpte-general-layout-icon-right\">\n\t\t\t\t\t\t\t\t\t\t\t\t\t\t\t\t<div class=\"wpte-general-layout-icons wpte-general-layout-product-cart\">\n\t\t\t\t\t\t\t\t\t<span class=\"wpte-product-cart-icon-render\">\n\t\t\t\t\t<span class='wpte-product-tooltip wpte-tooltip-right'>Sepete Ekle<\/span>\n\t\t\t\t\t<span class=\"wpte-product-add-cart-icon wpte-cart-icon\" id=\"wpte-cart-icons-6\" dataid=\"wpte-cart-icons-6\" view_cart=\"wpte-icon icon-check-3\" add_cart=\"wpte-icon icon-cart-7\" groupde_icon=\"wpte-icon icon-setting-5\" external_icon=\"wpte-icon icon-external\" variable_icon=\"wpte-icon icon-setting-4\"><a href=\"\/en\/wp-json\/wp\/v2\/pages\/1447?add-to-cart=1442\" data-quantity=\"1\" class=\"ld-sp-btn ld-sp-add-to-cart button product_type_simple add_to_cart_button ajax_add_to_cart\" data-product_id=\"1442\" data-product_sku=\"\" aria-label=\"Add to cart: &ldquo;Astabotanic Facial Serum&rdquo;\" rel=\"nofollow\" data-success_message=\"&ldquo;Astabotanic Facial Serum&rdquo; has been added to your cart\" data-product_name=\"Astabotanic Facial Serum\" role=\"button\"><svg class=\"icon-ld-cart lqd-mobile-add-to-cart-icn\" xmlns=\"http:\/\/www.w3.org\/2000\/svg\" width=\"32\" height=\"30\" viewBox=\"0 0 32 30\" style=\"width: 1em; height: 1em;\"><path fill=\"currentColor\" d=\"M.884.954c-.435.553-.328 1.19.25 1.488.272.141.878.183 2.641.183h2.287l1.67 7.657c.917 4.21 1.778 7.909 1.912 8.218.296.683.854 1.284 1.606 1.73l.563.333h15.125l.527-.283c.703-.375 1.39-1.079 1.667-1.706.231-.525 2.368-10.476 2.368-11.028 0-.17-.138-.445-.307-.614l-.307-.307H19.952c-10.306 0-10.939-.013-11.002-.219-.037-.12-.318-1.37-.624-2.778-.452-2.078-.608-2.602-.83-2.782C7.25.648 6.906.625 4.183.625h-3.04l-.259.33M29.25 8.733c0 .492-1.89 8.957-2.056 9.211-.443.676-.49.68-7.846.68-6.505 0-6.802-.011-7.185-.245-.22-.133-.487-.376-.594-.54-.106-.162-.634-2.303-1.172-4.755l-.978-4.46h9.915c5.553 0 9.916.048 9.916.109M12.156 25.118c-1.06.263-1.802 1.153-1.882 2.256-.07.971.13 1.506.792 2.116l.553.51h1.186c1.16 0 1.197-.01 1.648-.405 1.374-1.207 1.136-3.45-.455-4.282-.424-.221-1.345-.32-1.842-.196m12.74 0c-.594.15-1.288.745-1.615 1.386-.537 1.052-.261 2.333.669 3.1.461.38.53.397 1.59.397 1.272 0 1.65-.156 2.162-.895.62-.895.651-1.845.093-2.82-.525-.92-1.818-1.44-2.899-1.167M13.18 27.196a.716.716 0 0 1 .196.429c0 .248-.312.625-.517.625a.618.618 0 0 1-.608-.623c0-.553.55-.808.929-.43m12.704-.068c.37.198.325.838-.07 1.018-.258.118-.355.103-.563-.084-.304-.276-.317-.531-.043-.834.238-.264.342-.279.676-.1\"><\/path><\/svg><span>Add to cart<\/span><\/a><\/span><\/span>\t\t\t\t\t\t\t\t<\/div>\n\t\t\t\t\t\t\t\t\t\t\t\t\t<\/div>\n\t\t\t\t\t\t\t\t\t\t\t<\/div>\n\t\t\t\t\t\t\t\t\t\t<div class=\"wpte-general-layout-title-area\">\n\t\t\t\t\t\t<h2 class=\"wpte-general-layout-product-title\">\n\t\t\t\t\t\t\t<a href=\"https:\/\/biorenda.com\/en\/urun\/astabotanic-facial-serum\/\">Astabotanic Facial Serum<\/a>\t\t\t\t\t\t<\/h2>\n\t\t\t\t\t<\/div>\n\t\t\t\t\t\t\t\t\t\t\t<div class=\"wpte-general-layout-price-area\">\n\t\t\t\t\t\t<del>&#8378;1.925,00<\/del> &#8378;1.540,00\t\t\t\t\t<\/div>\n\t\t\t\t\t\t\t\t\t<\/div>\n\t\t\t\t\n\t\t\t\t<div class=\"wpte-general-layout-row wpte-product-general-style-1 wpte-swiper-slide\">\n\t\t\t\t\t<div class=\"wpte-general-layout-image-area\">\n\t\t\t\t\t\t<ul><li class=\"onsale product-label\">-20% <\/li><\/ul><a href=\"https:\/\/biorenda.com\/en\/urun\/anti-aging-barrier-supportive-care-set\/\"   class=\"wpte-general-layout-product-img\">\n\t\t\t\t\t\t\t\t<div class=\"wpte-general-layout-product-thumb wpte-general-layout-product-hover-image\">\n\t\t\t\t\t\t\t\t\t<img decoding=\"async\" width=\"800\" height=\"1000\" src=\"data:image\/svg+xml;charset=utf-8,%3Csvg xmlns%3D&#039;http%3A%2F%2Fwww.w3.org%2F2000%2Fsvg&#039; viewBox%3D&#039;0 0  &#039;%2F%3E\" class=\"attachment-woocommerce_single size-woocommerce_single ld-lazyload\" alt=\"Anti-Aging &amp; Barrier Supportive Care Set\" loading=\"eager\" data-src=\"https:\/\/biorenda.com\/wp-content\/uploads\/2025\/03\/102-e1776961370246-800x1000.jpg\" data-srcset=\"https:\/\/biorenda.com\/wp-content\/uploads\/2025\/03\/102-e1776961370246-800x1000.jpg 800w, https:\/\/biorenda.com\/wp-content\/uploads\/2025\/03\/102-e1776961370246-240x300.jpg 240w, https:\/\/biorenda.com\/wp-content\/uploads\/2025\/03\/102-e1776961370246-819x1024.jpg 819w, https:\/\/biorenda.com\/wp-content\/uploads\/2025\/03\/102-e1776961370246-768x960.jpg 768w, https:\/\/biorenda.com\/wp-content\/uploads\/2025\/03\/102-e1776961370246.jpg 1200w\" data-sizes=\"(max-width: 800px) 100vw, 800px\" data-aspect=\"\" \/>\n\t\t\t\t\t\t\t\t<\/div>\n\t\t\t\t\t\t\t\t<div class=\"wpte-general-layout-product-gallery-thumb wpte-general-layout-product-hover-g-image\">\n\t\t\t\t\t\t\t\t\t<img decoding=\"async\" width=\"800\" height=\"1000\" src=\"data:image\/svg+xml;charset=utf-8,%3Csvg xmlns%3D&#039;http%3A%2F%2Fwww.w3.org%2F2000%2Fsvg&#039; viewBox%3D&#039;0 0  &#039;%2F%3E\" class=\"attachment-woocommerce_single size-woocommerce_single ld-lazyload\" alt=\"\" data-src=\"https:\/\/biorenda.com\/wp-content\/uploads\/2025\/03\/103-e1776961543431-800x1000.jpg\" data-srcset=\"https:\/\/biorenda.com\/wp-content\/uploads\/2025\/03\/103-e1776961543431-800x1000.jpg 800w, https:\/\/biorenda.com\/wp-content\/uploads\/2025\/03\/103-e1776961543431-240x300.jpg 240w, https:\/\/biorenda.com\/wp-content\/uploads\/2025\/03\/103-e1776961543431-819x1024.jpg 819w, https:\/\/biorenda.com\/wp-content\/uploads\/2025\/03\/103-e1776961543431-768x960.jpg 768w, https:\/\/biorenda.com\/wp-content\/uploads\/2025\/03\/103-e1776961543431.jpg 1200w\" data-sizes=\"(max-width: 800px) 100vw, 800px\" data-aspect=\"\" \/>\n\t\t\t\t\t\t\t\t<\/div>\n\t\t\t\t\t\t\t<\/a>\t\t\t\t\t\t<div class=\"wpte-general-layout-product-icons wpte-general-layout-icon-right\">\n\t\t\t\t\t\t\t\t\t\t\t\t\t\t\t\t<div class=\"wpte-general-layout-icons wpte-general-layout-product-cart\">\n\t\t\t\t\t\t\t\t\t<span class=\"wpte-product-cart-icon-render\">\n\t\t\t\t\t<span class='wpte-product-tooltip wpte-tooltip-right'>Sepete Ekle<\/span>\n\t\t\t\t\t<span class=\"wpte-product-add-cart-icon wpte-cart-icon\" id=\"wpte-cart-icons-6\" dataid=\"wpte-cart-icons-6\" view_cart=\"wpte-icon icon-check-3\" add_cart=\"wpte-icon icon-cart-7\" groupde_icon=\"wpte-icon icon-setting-5\" external_icon=\"wpte-icon icon-external\" variable_icon=\"wpte-icon icon-setting-4\"><a href=\"\/en\/wp-json\/wp\/v2\/pages\/1447?add-to-cart=1597\" data-quantity=\"1\" class=\"ld-sp-btn ld-sp-add-to-cart button product_type_simple add_to_cart_button ajax_add_to_cart\" data-product_id=\"1597\" data-product_sku=\"\" aria-label=\"Add to cart: &ldquo;Anti-Aging &amp; Barrier Supportive Care Set&rdquo;\" rel=\"nofollow\" data-success_message=\"&ldquo;Anti-Aging &amp; Barrier Supportive Care Set&rdquo; has been added to your cart\" data-product_name=\"Anti-Aging &amp; Barrier Supportive Care Set\" role=\"button\"><svg class=\"icon-ld-cart lqd-mobile-add-to-cart-icn\" xmlns=\"http:\/\/www.w3.org\/2000\/svg\" width=\"32\" height=\"30\" viewBox=\"0 0 32 30\" style=\"width: 1em; height: 1em;\"><path fill=\"currentColor\" d=\"M.884.954c-.435.553-.328 1.19.25 1.488.272.141.878.183 2.641.183h2.287l1.67 7.657c.917 4.21 1.778 7.909 1.912 8.218.296.683.854 1.284 1.606 1.73l.563.333h15.125l.527-.283c.703-.375 1.39-1.079 1.667-1.706.231-.525 2.368-10.476 2.368-11.028 0-.17-.138-.445-.307-.614l-.307-.307H19.952c-10.306 0-10.939-.013-11.002-.219-.037-.12-.318-1.37-.624-2.778-.452-2.078-.608-2.602-.83-2.782C7.25.648 6.906.625 4.183.625h-3.04l-.259.33M29.25 8.733c0 .492-1.89 8.957-2.056 9.211-.443.676-.49.68-7.846.68-6.505 0-6.802-.011-7.185-.245-.22-.133-.487-.376-.594-.54-.106-.162-.634-2.303-1.172-4.755l-.978-4.46h9.915c5.553 0 9.916.048 9.916.109M12.156 25.118c-1.06.263-1.802 1.153-1.882 2.256-.07.971.13 1.506.792 2.116l.553.51h1.186c1.16 0 1.197-.01 1.648-.405 1.374-1.207 1.136-3.45-.455-4.282-.424-.221-1.345-.32-1.842-.196m12.74 0c-.594.15-1.288.745-1.615 1.386-.537 1.052-.261 2.333.669 3.1.461.38.53.397 1.59.397 1.272 0 1.65-.156 2.162-.895.62-.895.651-1.845.093-2.82-.525-.92-1.818-1.44-2.899-1.167M13.18 27.196a.716.716 0 0 1 .196.429c0 .248-.312.625-.517.625a.618.618 0 0 1-.608-.623c0-.553.55-.808.929-.43m12.704-.068c.37.198.325.838-.07 1.018-.258.118-.355.103-.563-.084-.304-.276-.317-.531-.043-.834.238-.264.342-.279.676-.1\"><\/path><\/svg><span>Add to cart<\/span><\/a><\/span><\/span>\t\t\t\t\t\t\t\t<\/div>\n\t\t\t\t\t\t\t\t\t\t\t\t\t<\/div>\n\t\t\t\t\t\t\t\t\t\t\t<\/div>\n\t\t\t\t\t\t\t\t\t\t<div class=\"wpte-general-layout-title-area\">\n\t\t\t\t\t\t<h2 class=\"wpte-general-layout-product-title\">\n\t\t\t\t\t\t\t<a href=\"https:\/\/biorenda.com\/en\/urun\/anti-aging-barrier-supportive-care-set\/\">Anti-Aging &amp; Barrier Supportive Care Set<\/a>\t\t\t\t\t\t<\/h2>\n\t\t\t\t\t<\/div>\n\t\t\t\t\t\t\t\t\t\t\t<div class=\"wpte-general-layout-price-area\">\n\t\t\t\t\t\t<del>&#8378;5.160,00<\/del> &#8378;4.128,00\t\t\t\t\t<\/div>\n\t\t\t\t\t\t\t\t\t<\/div>\n\t\t\t\t\n\t\t\t\t<div class=\"wpte-general-layout-row wpte-product-general-style-1 wpte-swiper-slide\">\n\t\t\t\t\t<div class=\"wpte-general-layout-image-area\">\n\t\t\t\t\t\t<ul><li class=\"onsale product-label\">-20% <\/li><\/ul><a href=\"https:\/\/biorenda.com\/en\/urun\/astaxanthin-routine\/\"   class=\"wpte-general-layout-product-img\">\n\t\t\t\t\t\t\t\t<div class=\"wpte-general-layout-product-thumb wpte-general-layout-product-hover-image\">\n\t\t\t\t\t\t\t\t\t<img decoding=\"async\" width=\"800\" height=\"1000\" src=\"data:image\/svg+xml;charset=utf-8,%3Csvg xmlns%3D&#039;http%3A%2F%2Fwww.w3.org%2F2000%2Fsvg&#039; viewBox%3D&#039;0 0  &#039;%2F%3E\" class=\"attachment-woocommerce_single size-woocommerce_single ld-lazyload\" alt=\"Astaxanthin Routine\" loading=\"eager\" data-src=\"https:\/\/biorenda.com\/wp-content\/uploads\/2025\/03\/113-e1776961635669-800x1000.jpg\" data-srcset=\"https:\/\/biorenda.com\/wp-content\/uploads\/2025\/03\/113-e1776961635669-800x1000.jpg 800w, https:\/\/biorenda.com\/wp-content\/uploads\/2025\/03\/113-e1776961635669-240x300.jpg 240w, https:\/\/biorenda.com\/wp-content\/uploads\/2025\/03\/113-e1776961635669-819x1024.jpg 819w, https:\/\/biorenda.com\/wp-content\/uploads\/2025\/03\/113-e1776961635669-768x960.jpg 768w, https:\/\/biorenda.com\/wp-content\/uploads\/2025\/03\/113-e1776961635669.jpg 1200w\" data-sizes=\"(max-width: 800px) 100vw, 800px\" data-aspect=\"\" \/>\n\t\t\t\t\t\t\t\t<\/div>\n\t\t\t\t\t\t\t\t<div class=\"wpte-general-layout-product-gallery-thumb wpte-general-layout-product-hover-g-image\">\n\t\t\t\t\t\t\t\t\t<img decoding=\"async\" width=\"800\" height=\"1067\" src=\"data:image\/svg+xml;charset=utf-8,%3Csvg xmlns%3D&#039;http%3A%2F%2Fwww.w3.org%2F2000%2Fsvg&#039; viewBox%3D&#039;0 0  &#039;%2F%3E\" class=\"attachment-woocommerce_single size-woocommerce_single ld-lazyload\" alt=\"\" data-src=\"https:\/\/biorenda.com\/wp-content\/uploads\/2025\/03\/nisan-1-1-800x1067.png\" data-srcset=\"https:\/\/biorenda.com\/wp-content\/uploads\/2025\/03\/nisan-1-1-800x1067.png 800w, https:\/\/biorenda.com\/wp-content\/uploads\/2025\/03\/nisan-1-1-225x300.png 225w, https:\/\/biorenda.com\/wp-content\/uploads\/2025\/03\/nisan-1-1-768x1024.png 768w, https:\/\/biorenda.com\/wp-content\/uploads\/2025\/03\/nisan-1-1.png 1080w\" data-sizes=\"(max-width: 800px) 100vw, 800px\" data-aspect=\"\" \/>\n\t\t\t\t\t\t\t\t<\/div>\n\t\t\t\t\t\t\t<\/a>\t\t\t\t\t\t<div class=\"wpte-general-layout-product-icons wpte-general-layout-icon-right\">\n\t\t\t\t\t\t\t\t\t\t\t\t\t\t\t\t<div class=\"wpte-general-layout-icons wpte-general-layout-product-cart\">\n\t\t\t\t\t\t\t\t\t<span class=\"wpte-product-cart-icon-render\">\n\t\t\t\t\t<span class='wpte-product-tooltip wpte-tooltip-right'>Sepete Ekle<\/span>\n\t\t\t\t\t<span class=\"wpte-product-add-cart-icon wpte-cart-icon\" id=\"wpte-cart-icons-6\" dataid=\"wpte-cart-icons-6\" view_cart=\"wpte-icon icon-check-3\" add_cart=\"wpte-icon icon-cart-7\" groupde_icon=\"wpte-icon icon-setting-5\" external_icon=\"wpte-icon icon-external\" variable_icon=\"wpte-icon icon-setting-4\"><a href=\"\/en\/wp-json\/wp\/v2\/pages\/1447?add-to-cart=1625\" data-quantity=\"1\" class=\"ld-sp-btn ld-sp-add-to-cart button product_type_simple add_to_cart_button ajax_add_to_cart\" data-product_id=\"1625\" data-product_sku=\"\" aria-label=\"Add to cart: &ldquo;Astaxanthin Routine&rdquo;\" rel=\"nofollow\" data-success_message=\"&ldquo;Astaxanthin Routine&rdquo; has been added to your cart\" data-product_name=\"Astaxanthin Routine\" role=\"button\"><svg class=\"icon-ld-cart lqd-mobile-add-to-cart-icn\" xmlns=\"http:\/\/www.w3.org\/2000\/svg\" width=\"32\" height=\"30\" viewBox=\"0 0 32 30\" style=\"width: 1em; height: 1em;\"><path fill=\"currentColor\" d=\"M.884.954c-.435.553-.328 1.19.25 1.488.272.141.878.183 2.641.183h2.287l1.67 7.657c.917 4.21 1.778 7.909 1.912 8.218.296.683.854 1.284 1.606 1.73l.563.333h15.125l.527-.283c.703-.375 1.39-1.079 1.667-1.706.231-.525 2.368-10.476 2.368-11.028 0-.17-.138-.445-.307-.614l-.307-.307H19.952c-10.306 0-10.939-.013-11.002-.219-.037-.12-.318-1.37-.624-2.778-.452-2.078-.608-2.602-.83-2.782C7.25.648 6.906.625 4.183.625h-3.04l-.259.33M29.25 8.733c0 .492-1.89 8.957-2.056 9.211-.443.676-.49.68-7.846.68-6.505 0-6.802-.011-7.185-.245-.22-.133-.487-.376-.594-.54-.106-.162-.634-2.303-1.172-4.755l-.978-4.46h9.915c5.553 0 9.916.048 9.916.109M12.156 25.118c-1.06.263-1.802 1.153-1.882 2.256-.07.971.13 1.506.792 2.116l.553.51h1.186c1.16 0 1.197-.01 1.648-.405 1.374-1.207 1.136-3.45-.455-4.282-.424-.221-1.345-.32-1.842-.196m12.74 0c-.594.15-1.288.745-1.615 1.386-.537 1.052-.261 2.333.669 3.1.461.38.53.397 1.59.397 1.272 0 1.65-.156 2.162-.895.62-.895.651-1.845.093-2.82-.525-.92-1.818-1.44-2.899-1.167M13.18 27.196a.716.716 0 0 1 .196.429c0 .248-.312.625-.517.625a.618.618 0 0 1-.608-.623c0-.553.55-.808.929-.43m12.704-.068c.37.198.325.838-.07 1.018-.258.118-.355.103-.563-.084-.304-.276-.317-.531-.043-.834.238-.264.342-.279.676-.1\"><\/path><\/svg><span>Add to cart<\/span><\/a><\/span><\/span>\t\t\t\t\t\t\t\t<\/div>\n\t\t\t\t\t\t\t\t\t\t\t\t\t<\/div>\n\t\t\t\t\t\t\t\t\t\t\t<\/div>\n\t\t\t\t\t\t\t\t\t\t<div class=\"wpte-general-layout-title-area\">\n\t\t\t\t\t\t<h2 class=\"wpte-general-layout-product-title\">\n\t\t\t\t\t\t\t<a href=\"https:\/\/biorenda.com\/en\/urun\/astaxanthin-routine\/\">Astaxanthin Routine<\/a>\t\t\t\t\t\t<\/h2>\n\t\t\t\t\t<\/div>\n\t\t\t\t\t\t\t\t\t\t\t<div class=\"wpte-general-layout-price-area\">\n\t\t\t\t\t\t<del>&#8378;3.575,00<\/del> &#8378;2.860,00\t\t\t\t\t<\/div>\n\t\t\t\t\t\t\t\t\t<\/div>\n\t\t\t\t<\/div><\/div><\/div><\/div><\/div>\n\t\t\t\t\t\t<\/div>\n\t\t\t\t<\/div>\n\t\t\t\t\t<\/div>\n\t\t<\/div>\n\t\t\t\t\t<\/div>\n\t\t<\/section>\n\t\t\t\t<\/div>\n\t\t","protected":false},"excerpt":{"rendered":"","protected":false},"author":1,"featured_media":0,"parent":0,"menu_order":0,"comment_status":"closed","ping_status":"closed","template":"","meta":{"footnotes":""},"class_list":["post-1447","page","type-page","status-publish","hentry"],"jetpack_sharing_enabled":true,"_links":{"self":[{"href":"https:\/\/biorenda.com\/en\/wp-json\/wp\/v2\/pages\/1447","targetHints":{"allow":["GET"]}}],"collection":[{"href":"https:\/\/biorenda.com\/en\/wp-json\/wp\/v2\/pages"}],"about":[{"href":"https:\/\/biorenda.com\/en\/wp-json\/wp\/v2\/types\/page"}],"author":[{"embeddable":true,"href":"https:\/\/biorenda.com\/en\/wp-json\/wp\/v2\/users\/1"}],"replies":[{"embeddable":true,"href":"https:\/\/biorenda.com\/en\/wp-json\/wp\/v2\/comments?post=1447"}],"version-history":[{"count":0,"href":"https:\/\/biorenda.com\/en\/wp-json\/wp\/v2\/pages\/1447\/revisions"}],"wp:attachment":[{"href":"https:\/\/biorenda.com\/en\/wp-json\/wp\/v2\/media?parent=1447"}],"curies":[{"name":"wp","href":"https:\/\/api.w.org\/{rel}","templated":true}]}}