{"id":1451,"date":"2025-02-03T11:22:29","date_gmt":"2025-02-03T08:22:29","guid":{"rendered":"https:\/\/biorenda.com\/yuz-temizleyici\/"},"modified":"2026-03-04T12:31:47","modified_gmt":"2026-03-04T09:31:47","slug":"face-cleanser","status":"publish","type":"page","link":"https:\/\/biorenda.com\/en\/face-cleanser\/","title":{"rendered":"Face Cleanser"},"content":{"rendered":"\t\t<div data-elementor-type=\"wp-page\" data-elementor-id=\"1451\" class=\"elementor elementor-1451 elementor-1085\" data-elementor-post-type=\"page\">\n\t\t\t\t\t\t<section class=\"elementor-section elementor-top-section elementor-element elementor-element-2db7ed1 elementor-section-boxed elementor-section-height-default elementor-section-height-default\" data-id=\"2db7ed1\" data-element_type=\"section\" data-e-type=\"section\" data-settings=\"{&quot;background_background&quot;:&quot;classic&quot;}\">\n\t\t\t\t\t\t<div class=\"elementor-container elementor-column-gap-default\">\n\t\t\t\t\t<div class=\"elementor-column elementor-col-100 elementor-top-column elementor-element elementor-element-c23cfc5\" data-id=\"c23cfc5\" data-element_type=\"column\" data-e-type=\"column\">\n\t\t\t<div class=\"elementor-widget-wrap elementor-element-populated\">\n\t\t\t\t\t\t<div class=\"elementor-element elementor-element-81c3f05 elementor-widget elementor-widget-shortcode\" data-id=\"81c3f05\" data-element_type=\"widget\" data-e-type=\"widget\" data-widget_type=\"shortcode.default\">\n\t\t\t\t<div class=\"elementor-widget-container\">\n\t\t\t\t\t\t\t<div class=\"elementor-shortcode\"><div class=\"wpte-popup-display\"><\/div><div class=\"wpte-product-container wpte-product-layout-wrapper-3\" id=\"wpte-product-layout-wrapper-3\"><div class=\"wpte-product-row\"><div class=\"wpte-product-load\">\t\t\t<div class=\"wpte-product-column wpte-product-general-column wpte-product-card wpte-col-lap-3 wpte-col-tab-2 wpte-col-mob-1 \">\n\t\t\t\n\t\t\t\t<div class=\"wpte-general-layout-row wpte-product-general-style-1 wpte-swiper-slide\">\n\t\t\t\t\t<div class=\"wpte-general-layout-image-area\">\n\t\t\t\t\t\t<ul><li class=\"onsale product-label\">-20% <\/li><\/ul><a href=\"https:\/\/biorenda.com\/en\/urun\/refreshing-face-cleanser\/\"   class=\"wpte-general-layout-product-img\">\n\t\t\t\t\t\t\t\t<div class=\"wpte-general-layout-product-thumb wpte-general-layout-product-hover-image\">\n\t\t\t\t\t\t\t\t\t<img fetchpriority=\"high\" decoding=\"async\" width=\"800\" height=\"1000\" src=\"data:image\/svg+xml;charset=utf-8,%3Csvg xmlns%3D&#039;http%3A%2F%2Fwww.w3.org%2F2000%2Fsvg&#039; viewBox%3D&#039;0 0  &#039;%2F%3E\" class=\"attachment-woocommerce_single size-woocommerce_single ld-lazyload\" alt=\"Refreshing Face Cleanser\" loading=\"eager\" data-src=\"https:\/\/biorenda.com\/wp-content\/uploads\/2025\/01\/refreshing-yuz-temizleyici-1-800x1000.jpg\" data-srcset=\"https:\/\/biorenda.com\/wp-content\/uploads\/2025\/01\/refreshing-yuz-temizleyici-1-800x1000.jpg 800w, https:\/\/biorenda.com\/wp-content\/uploads\/2025\/01\/refreshing-yuz-temizleyici-1-240x300.jpg 240w, https:\/\/biorenda.com\/wp-content\/uploads\/2025\/01\/refreshing-yuz-temizleyici-1-819x1024.jpg 819w, https:\/\/biorenda.com\/wp-content\/uploads\/2025\/01\/refreshing-yuz-temizleyici-1.jpg 1200w\" data-sizes=\"(max-width: 800px) 100vw, 800px\" data-aspect=\"\" \/>\n\t\t\t\t\t\t\t\t<\/div>\n\t\t\t\t\t\t\t\t<div class=\"wpte-general-layout-product-gallery-thumb wpte-general-layout-product-hover-g-image\">\n\t\t\t\t\t\t\t\t\t<img decoding=\"async\" width=\"800\" height=\"1000\" src=\"data:image\/svg+xml;charset=utf-8,%3Csvg xmlns%3D&#039;http%3A%2F%2Fwww.w3.org%2F2000%2Fsvg&#039; viewBox%3D&#039;0 0  &#039;%2F%3E\" class=\"attachment-woocommerce_single size-woocommerce_single ld-lazyload\" alt=\"Refreshing Y\u00fcz Temizleyici, cildi tazeler ve canland\u0131r\u0131r, g\u00fcnl\u00fck kir ve makyaj kal\u0131nt\u0131lar\u0131n\u0131 etkili bir \u015fekilde temizler. Hafif form\u00fcl\u00fcyle ciltte ferah bir his b\u0131rak\u0131r\" data-src=\"https:\/\/biorenda.com\/wp-content\/uploads\/2025\/01\/refresing-yuz-temizleme-2-819x1024.jpg\" data-srcset=\"https:\/\/biorenda.com\/wp-content\/uploads\/2025\/01\/refresing-yuz-temizleme-2-819x1024.jpg 819w, https:\/\/biorenda.com\/wp-content\/uploads\/2025\/01\/refresing-yuz-temizleme-2-240x300.jpg 240w, https:\/\/biorenda.com\/wp-content\/uploads\/2025\/01\/refresing-yuz-temizleme-2-600x750.jpg 600w, https:\/\/biorenda.com\/wp-content\/uploads\/2025\/01\/refresing-yuz-temizleme-2.jpg 1200w\" data-sizes=\"(max-width: 800px) 100vw, 800px\" data-aspect=\"\" \/>\n\t\t\t\t\t\t\t\t<\/div>\n\t\t\t\t\t\t\t<\/a>\t\t\t\t\t\t<div class=\"wpte-general-layout-product-icons wpte-general-layout-icon-right\">\n\t\t\t\t\t\t\t\t\t\t\t\t\t\t\t\t<div class=\"wpte-general-layout-icons wpte-general-layout-product-cart\">\n\t\t\t\t\t\t\t\t\t<span class=\"wpte-product-cart-icon-render\">\n\t\t\t\t\t<span class='wpte-product-tooltip wpte-tooltip-right'>Sepete Ekle<\/span>\n\t\t\t\t\t<span class=\"wpte-product-add-cart-icon wpte-cart-icon\" id=\"wpte-cart-icons-3\" dataid=\"wpte-cart-icons-3\" view_cart=\"wpte-icon icon-check-3\" add_cart=\"wpte-icon icon-cart-7\" groupde_icon=\"wpte-icon icon-setting-5\" external_icon=\"wpte-icon icon-external\" variable_icon=\"wpte-icon icon-setting-4\"><a href=\"\/en\/wp-json\/wp\/v2\/pages\/1451?add-to-cart=1444\" data-quantity=\"1\" class=\"ld-sp-btn ld-sp-add-to-cart button product_type_simple add_to_cart_button ajax_add_to_cart\" data-product_id=\"1444\" data-product_sku=\"\" aria-label=\"Add to cart: &ldquo;Refreshing Face Cleanser&rdquo;\" rel=\"nofollow\" data-success_message=\"&ldquo;Refreshing Face Cleanser&rdquo; has been added to your cart\" data-product_name=\"Refreshing Face Cleanser\" role=\"button\"><svg class=\"icon-ld-cart lqd-mobile-add-to-cart-icn\" xmlns=\"http:\/\/www.w3.org\/2000\/svg\" width=\"32\" height=\"30\" viewBox=\"0 0 32 30\" style=\"width: 1em; height: 1em;\"><path fill=\"currentColor\" d=\"M.884.954c-.435.553-.328 1.19.25 1.488.272.141.878.183 2.641.183h2.287l1.67 7.657c.917 4.21 1.778 7.909 1.912 8.218.296.683.854 1.284 1.606 1.73l.563.333h15.125l.527-.283c.703-.375 1.39-1.079 1.667-1.706.231-.525 2.368-10.476 2.368-11.028 0-.17-.138-.445-.307-.614l-.307-.307H19.952c-10.306 0-10.939-.013-11.002-.219-.037-.12-.318-1.37-.624-2.778-.452-2.078-.608-2.602-.83-2.782C7.25.648 6.906.625 4.183.625h-3.04l-.259.33M29.25 8.733c0 .492-1.89 8.957-2.056 9.211-.443.676-.49.68-7.846.68-6.505 0-6.802-.011-7.185-.245-.22-.133-.487-.376-.594-.54-.106-.162-.634-2.303-1.172-4.755l-.978-4.46h9.915c5.553 0 9.916.048 9.916.109M12.156 25.118c-1.06.263-1.802 1.153-1.882 2.256-.07.971.13 1.506.792 2.116l.553.51h1.186c1.16 0 1.197-.01 1.648-.405 1.374-1.207 1.136-3.45-.455-4.282-.424-.221-1.345-.32-1.842-.196m12.74 0c-.594.15-1.288.745-1.615 1.386-.537 1.052-.261 2.333.669 3.1.461.38.53.397 1.59.397 1.272 0 1.65-.156 2.162-.895.62-.895.651-1.845.093-2.82-.525-.92-1.818-1.44-2.899-1.167M13.18 27.196a.716.716 0 0 1 .196.429c0 .248-.312.625-.517.625a.618.618 0 0 1-.608-.623c0-.553.55-.808.929-.43m12.704-.068c.37.198.325.838-.07 1.018-.258.118-.355.103-.563-.084-.304-.276-.317-.531-.043-.834.238-.264.342-.279.676-.1\"><\/path><\/svg><span>Add to cart<\/span><\/a><\/span><\/span>\t\t\t\t\t\t\t\t<\/div>\n\t\t\t\t\t\t\t\t\t\t\t\t\t<\/div>\n\t\t\t\t\t\t\t\t\t\t\t<\/div>\n\t\t\t\t\t\t\t\t\t\t<div class=\"wpte-general-layout-title-area\">\n\t\t\t\t\t\t<h2 class=\"wpte-general-layout-product-title\">\n\t\t\t\t\t\t\t<a href=\"https:\/\/biorenda.com\/en\/urun\/refreshing-face-cleanser\/\">Refreshing Face Cleanser<\/a>\t\t\t\t\t\t<\/h2>\n\t\t\t\t\t<\/div>\n\t\t\t\t\t\t\t\t\t\t\t<div class=\"wpte-general-layout-price-area\">\n\t\t\t\t\t\t<del>&#8378;1.525,00<\/del> &#8378;1.220,00\t\t\t\t\t<\/div>\n\t\t\t\t\t\t\t\t\t<\/div>\n\t\t\t\t\n\t\t\t\t<div class=\"wpte-general-layout-row wpte-product-general-style-1 wpte-swiper-slide\">\n\t\t\t\t\t<div class=\"wpte-general-layout-image-area\">\n\t\t\t\t\t\t<ul><li class=\"onsale product-label\">-20% <\/li><\/ul><a href=\"https:\/\/biorenda.com\/en\/urun\/purifying-face-cleanser\/\"   class=\"wpte-general-layout-product-img\">\n\t\t\t\t\t\t\t\t<div class=\"wpte-general-layout-product-thumb wpte-general-layout-product-hover-image\">\n\t\t\t\t\t\t\t\t\t<img decoding=\"async\" width=\"800\" height=\"1000\" src=\"data:image\/svg+xml;charset=utf-8,%3Csvg xmlns%3D&#039;http%3A%2F%2Fwww.w3.org%2F2000%2Fsvg&#039; viewBox%3D&#039;0 0  &#039;%2F%3E\" class=\"attachment-woocommerce_single size-woocommerce_single ld-lazyload\" alt=\"Purifying Face Cleanser\" loading=\"eager\" data-src=\"https:\/\/biorenda.com\/wp-content\/uploads\/2025\/01\/purifying-yuz-temizleyici-3-800x1000.jpg\" data-srcset=\"https:\/\/biorenda.com\/wp-content\/uploads\/2025\/01\/purifying-yuz-temizleyici-3-800x1000.jpg 800w, https:\/\/biorenda.com\/wp-content\/uploads\/2025\/01\/purifying-yuz-temizleyici-3-240x300.jpg 240w, https:\/\/biorenda.com\/wp-content\/uploads\/2025\/01\/purifying-yuz-temizleyici-3-819x1024.jpg 819w, https:\/\/biorenda.com\/wp-content\/uploads\/2025\/01\/purifying-yuz-temizleyici-3.jpg 1200w\" data-sizes=\"(max-width: 800px) 100vw, 800px\" data-aspect=\"\" \/>\n\t\t\t\t\t\t\t\t<\/div>\n\t\t\t\t\t\t\t\t<div class=\"wpte-general-layout-product-gallery-thumb wpte-general-layout-product-hover-g-image\">\n\t\t\t\t\t\t\t\t\t<img decoding=\"async\" width=\"800\" height=\"1000\" src=\"data:image\/svg+xml;charset=utf-8,%3Csvg xmlns%3D&#039;http%3A%2F%2Fwww.w3.org%2F2000%2Fsvg&#039; viewBox%3D&#039;0 0  &#039;%2F%3E\" class=\"attachment-woocommerce_single size-woocommerce_single ld-lazyload\" alt=\"Purifying Y\u00fcz Temizleyici, ciltteki kir ve ya\u011flar\u0131 derinlemesine temizleyerek p\u00fcr\u00fczs\u00fcz ve taze bir g\u00f6r\u00fcn\u00fcm kazand\u0131r\u0131r. Do\u011fal \u00f6zler ile form\u00fcle edilmi\u015f, cildi besleyici ve ar\u0131nd\u0131r\u0131c\u0131 \u00f6zelliklere sahiptir\" data-src=\"https:\/\/biorenda.com\/wp-content\/uploads\/2025\/01\/purifying-yuz-temizleyici-1-800x1000.jpg\" data-srcset=\"https:\/\/biorenda.com\/wp-content\/uploads\/2025\/01\/purifying-yuz-temizleyici-1-800x1000.jpg 800w, https:\/\/biorenda.com\/wp-content\/uploads\/2025\/01\/purifying-yuz-temizleyici-1-240x300.jpg 240w, https:\/\/biorenda.com\/wp-content\/uploads\/2025\/01\/purifying-yuz-temizleyici-1-819x1024.jpg 819w, https:\/\/biorenda.com\/wp-content\/uploads\/2025\/01\/purifying-yuz-temizleyici-1-600x750.jpg 600w, https:\/\/biorenda.com\/wp-content\/uploads\/2025\/01\/purifying-yuz-temizleyici-1.jpg 1200w\" data-sizes=\"(max-width: 800px) 100vw, 800px\" data-aspect=\"\" \/>\n\t\t\t\t\t\t\t\t<\/div>\n\t\t\t\t\t\t\t<\/a>\t\t\t\t\t\t<div class=\"wpte-general-layout-product-icons wpte-general-layout-icon-right\">\n\t\t\t\t\t\t\t\t\t\t\t\t\t\t\t\t<div class=\"wpte-general-layout-icons wpte-general-layout-product-cart\">\n\t\t\t\t\t\t\t\t\t<span class=\"wpte-product-cart-icon-render\">\n\t\t\t\t\t<span class='wpte-product-tooltip wpte-tooltip-right'>Sepete Ekle<\/span>\n\t\t\t\t\t<span class=\"wpte-product-add-cart-icon wpte-cart-icon\" id=\"wpte-cart-icons-3\" dataid=\"wpte-cart-icons-3\" view_cart=\"wpte-icon icon-check-3\" add_cart=\"wpte-icon icon-cart-7\" groupde_icon=\"wpte-icon icon-setting-5\" external_icon=\"wpte-icon icon-external\" variable_icon=\"wpte-icon icon-setting-4\"><a href=\"\/en\/wp-json\/wp\/v2\/pages\/1451?add-to-cart=1445\" data-quantity=\"1\" class=\"ld-sp-btn ld-sp-add-to-cart button product_type_simple add_to_cart_button ajax_add_to_cart\" data-product_id=\"1445\" data-product_sku=\"\" aria-label=\"Add to cart: &ldquo;Purifying Face Cleanser&rdquo;\" rel=\"nofollow\" data-success_message=\"&ldquo;Purifying Face Cleanser&rdquo; has been added to your cart\" data-product_name=\"Purifying Face Cleanser\" role=\"button\"><svg class=\"icon-ld-cart lqd-mobile-add-to-cart-icn\" xmlns=\"http:\/\/www.w3.org\/2000\/svg\" width=\"32\" height=\"30\" viewBox=\"0 0 32 30\" style=\"width: 1em; height: 1em;\"><path fill=\"currentColor\" d=\"M.884.954c-.435.553-.328 1.19.25 1.488.272.141.878.183 2.641.183h2.287l1.67 7.657c.917 4.21 1.778 7.909 1.912 8.218.296.683.854 1.284 1.606 1.73l.563.333h15.125l.527-.283c.703-.375 1.39-1.079 1.667-1.706.231-.525 2.368-10.476 2.368-11.028 0-.17-.138-.445-.307-.614l-.307-.307H19.952c-10.306 0-10.939-.013-11.002-.219-.037-.12-.318-1.37-.624-2.778-.452-2.078-.608-2.602-.83-2.782C7.25.648 6.906.625 4.183.625h-3.04l-.259.33M29.25 8.733c0 .492-1.89 8.957-2.056 9.211-.443.676-.49.68-7.846.68-6.505 0-6.802-.011-7.185-.245-.22-.133-.487-.376-.594-.54-.106-.162-.634-2.303-1.172-4.755l-.978-4.46h9.915c5.553 0 9.916.048 9.916.109M12.156 25.118c-1.06.263-1.802 1.153-1.882 2.256-.07.971.13 1.506.792 2.116l.553.51h1.186c1.16 0 1.197-.01 1.648-.405 1.374-1.207 1.136-3.45-.455-4.282-.424-.221-1.345-.32-1.842-.196m12.74 0c-.594.15-1.288.745-1.615 1.386-.537 1.052-.261 2.333.669 3.1.461.38.53.397 1.59.397 1.272 0 1.65-.156 2.162-.895.62-.895.651-1.845.093-2.82-.525-.92-1.818-1.44-2.899-1.167M13.18 27.196a.716.716 0 0 1 .196.429c0 .248-.312.625-.517.625a.618.618 0 0 1-.608-.623c0-.553.55-.808.929-.43m12.704-.068c.37.198.325.838-.07 1.018-.258.118-.355.103-.563-.084-.304-.276-.317-.531-.043-.834.238-.264.342-.279.676-.1\"><\/path><\/svg><span>Add to cart<\/span><\/a><\/span><\/span>\t\t\t\t\t\t\t\t<\/div>\n\t\t\t\t\t\t\t\t\t\t\t\t\t<\/div>\n\t\t\t\t\t\t\t\t\t\t\t<\/div>\n\t\t\t\t\t\t\t\t\t\t<div class=\"wpte-general-layout-title-area\">\n\t\t\t\t\t\t<h2 class=\"wpte-general-layout-product-title\">\n\t\t\t\t\t\t\t<a href=\"https:\/\/biorenda.com\/en\/urun\/purifying-face-cleanser\/\">Purifying Face Cleanser<\/a>\t\t\t\t\t\t<\/h2>\n\t\t\t\t\t<\/div>\n\t\t\t\t\t\t\t\t\t\t\t<div class=\"wpte-general-layout-price-area\">\n\t\t\t\t\t\t<del>&#8378;1.525,00<\/del> &#8378;1.220,00\t\t\t\t\t<\/div>\n\t\t\t\t\t\t\t\t\t<\/div>\n\t\t\t\t\n\t\t\t\t<div class=\"wpte-general-layout-row wpte-product-general-style-1 wpte-swiper-slide\">\n\t\t\t\t\t<div class=\"wpte-general-layout-image-area\">\n\t\t\t\t\t\t<ul><li class=\"onsale product-label\">-20% <\/li><\/ul><a href=\"https:\/\/biorenda.com\/en\/urun\/oasis-gel-face-cleanser\/\"   class=\"wpte-general-layout-product-img\">\n\t\t\t\t\t\t\t\t<div class=\"wpte-general-layout-product-thumb wpte-general-layout-product-hover-image\">\n\t\t\t\t\t\t\t\t\t<img decoding=\"async\" width=\"800\" height=\"1000\" src=\"data:image\/svg+xml;charset=utf-8,%3Csvg xmlns%3D&#039;http%3A%2F%2Fwww.w3.org%2F2000%2Fsvg&#039; viewBox%3D&#039;0 0  &#039;%2F%3E\" class=\"attachment-woocommerce_single size-woocommerce_single ld-lazyload\" alt=\"Oasis Gel Face Cleanser\" loading=\"eager\" data-src=\"https:\/\/biorenda.com\/wp-content\/uploads\/2025\/01\/yuz-temizleme-jeli-2-1-800x1000.jpg\" data-srcset=\"https:\/\/biorenda.com\/wp-content\/uploads\/2025\/01\/yuz-temizleme-jeli-2-1-800x1000.jpg 800w, https:\/\/biorenda.com\/wp-content\/uploads\/2025\/01\/yuz-temizleme-jeli-2-1-240x300.jpg 240w, https:\/\/biorenda.com\/wp-content\/uploads\/2025\/01\/yuz-temizleme-jeli-2-1-819x1024.jpg 819w, https:\/\/biorenda.com\/wp-content\/uploads\/2025\/01\/yuz-temizleme-jeli-2-1.jpg 1200w\" data-sizes=\"(max-width: 800px) 100vw, 800px\" data-aspect=\"\" \/>\n\t\t\t\t\t\t\t\t<\/div>\n\t\t\t\t\t\t\t\t<div class=\"wpte-general-layout-product-gallery-thumb wpte-general-layout-product-hover-g-image\">\n\t\t\t\t\t\t\t\t\t<img decoding=\"async\" width=\"800\" height=\"1000\" src=\"data:image\/svg+xml;charset=utf-8,%3Csvg xmlns%3D&#039;http%3A%2F%2Fwww.w3.org%2F2000%2Fsvg&#039; viewBox%3D&#039;0 0  &#039;%2F%3E\" class=\"attachment-woocommerce_single size-woocommerce_single ld-lazyload\" alt=\"\" data-src=\"https:\/\/biorenda.com\/wp-content\/uploads\/2025\/01\/BIORENDA_14-010688-copy-819x1024.jpg\" data-srcset=\"https:\/\/biorenda.com\/wp-content\/uploads\/2025\/01\/BIORENDA_14-010688-copy-819x1024.jpg 819w, https:\/\/biorenda.com\/wp-content\/uploads\/2025\/01\/BIORENDA_14-010688-copy-240x300.jpg 240w, https:\/\/biorenda.com\/wp-content\/uploads\/2025\/01\/BIORENDA_14-010688-copy-600x750.jpg 600w, https:\/\/biorenda.com\/wp-content\/uploads\/2025\/01\/BIORENDA_14-010688-copy.jpg 1200w\" data-sizes=\"(max-width: 800px) 100vw, 800px\" data-aspect=\"\" \/>\n\t\t\t\t\t\t\t\t<\/div>\n\t\t\t\t\t\t\t<\/a>\t\t\t\t\t\t<div class=\"wpte-general-layout-product-icons wpte-general-layout-icon-right\">\n\t\t\t\t\t\t\t\t\t\t\t\t\t\t\t\t<div class=\"wpte-general-layout-icons wpte-general-layout-product-cart\">\n\t\t\t\t\t\t\t\t\t<span class=\"wpte-product-cart-icon-render\">\n\t\t\t\t\t<span class='wpte-product-tooltip wpte-tooltip-right'>Sepete Ekle<\/span>\n\t\t\t\t\t<span class=\"wpte-product-add-cart-icon wpte-cart-icon\" id=\"wpte-cart-icons-3\" dataid=\"wpte-cart-icons-3\" view_cart=\"wpte-icon icon-check-3\" add_cart=\"wpte-icon icon-cart-7\" groupde_icon=\"wpte-icon icon-setting-5\" external_icon=\"wpte-icon icon-external\" variable_icon=\"wpte-icon icon-setting-4\"><a href=\"\/en\/wp-json\/wp\/v2\/pages\/1451?add-to-cart=1446\" data-quantity=\"1\" class=\"ld-sp-btn ld-sp-add-to-cart button product_type_simple add_to_cart_button ajax_add_to_cart\" data-product_id=\"1446\" data-product_sku=\"\" aria-label=\"Add to cart: &ldquo;Oasis Gel Face Cleanser&rdquo;\" rel=\"nofollow\" data-success_message=\"&ldquo;Oasis Gel Face Cleanser&rdquo; has been added to your cart\" data-product_name=\"Oasis Gel Face Cleanser\" role=\"button\"><svg class=\"icon-ld-cart lqd-mobile-add-to-cart-icn\" xmlns=\"http:\/\/www.w3.org\/2000\/svg\" width=\"32\" height=\"30\" viewBox=\"0 0 32 30\" style=\"width: 1em; height: 1em;\"><path fill=\"currentColor\" d=\"M.884.954c-.435.553-.328 1.19.25 1.488.272.141.878.183 2.641.183h2.287l1.67 7.657c.917 4.21 1.778 7.909 1.912 8.218.296.683.854 1.284 1.606 1.73l.563.333h15.125l.527-.283c.703-.375 1.39-1.079 1.667-1.706.231-.525 2.368-10.476 2.368-11.028 0-.17-.138-.445-.307-.614l-.307-.307H19.952c-10.306 0-10.939-.013-11.002-.219-.037-.12-.318-1.37-.624-2.778-.452-2.078-.608-2.602-.83-2.782C7.25.648 6.906.625 4.183.625h-3.04l-.259.33M29.25 8.733c0 .492-1.89 8.957-2.056 9.211-.443.676-.49.68-7.846.68-6.505 0-6.802-.011-7.185-.245-.22-.133-.487-.376-.594-.54-.106-.162-.634-2.303-1.172-4.755l-.978-4.46h9.915c5.553 0 9.916.048 9.916.109M12.156 25.118c-1.06.263-1.802 1.153-1.882 2.256-.07.971.13 1.506.792 2.116l.553.51h1.186c1.16 0 1.197-.01 1.648-.405 1.374-1.207 1.136-3.45-.455-4.282-.424-.221-1.345-.32-1.842-.196m12.74 0c-.594.15-1.288.745-1.615 1.386-.537 1.052-.261 2.333.669 3.1.461.38.53.397 1.59.397 1.272 0 1.65-.156 2.162-.895.62-.895.651-1.845.093-2.82-.525-.92-1.818-1.44-2.899-1.167M13.18 27.196a.716.716 0 0 1 .196.429c0 .248-.312.625-.517.625a.618.618 0 0 1-.608-.623c0-.553.55-.808.929-.43m12.704-.068c.37.198.325.838-.07 1.018-.258.118-.355.103-.563-.084-.304-.276-.317-.531-.043-.834.238-.264.342-.279.676-.1\"><\/path><\/svg><span>Add to cart<\/span><\/a><\/span><\/span>\t\t\t\t\t\t\t\t<\/div>\n\t\t\t\t\t\t\t\t\t\t\t\t\t<\/div>\n\t\t\t\t\t\t\t\t\t\t\t<\/div>\n\t\t\t\t\t\t\t\t\t\t<div class=\"wpte-general-layout-title-area\">\n\t\t\t\t\t\t<h2 class=\"wpte-general-layout-product-title\">\n\t\t\t\t\t\t\t<a href=\"https:\/\/biorenda.com\/en\/urun\/oasis-gel-face-cleanser\/\">Oasis Gel Face Cleanser<\/a>\t\t\t\t\t\t<\/h2>\n\t\t\t\t\t<\/div>\n\t\t\t\t\t\t\t\t\t\t\t<div class=\"wpte-general-layout-price-area\">\n\t\t\t\t\t\t<del>&#8378;1.585,00<\/del> &#8378;1.268,00\t\t\t\t\t<\/div>\n\t\t\t\t\t\t\t\t\t<\/div>\n\t\t\t\t<\/div><\/div><\/div><\/div><\/div>\n\t\t\t\t\t\t<\/div>\n\t\t\t\t<\/div>\n\t\t\t\t\t<\/div>\n\t\t<\/div>\n\t\t\t\t\t<\/div>\n\t\t<\/section>\n\t\t\t\t<\/div>\n\t\t","protected":false},"excerpt":{"rendered":"","protected":false},"author":1,"featured_media":0,"parent":0,"menu_order":0,"comment_status":"closed","ping_status":"closed","template":"","meta":{"footnotes":""},"class_list":["post-1451","page","type-page","status-publish","hentry"],"jetpack_sharing_enabled":true,"_links":{"self":[{"href":"https:\/\/biorenda.com\/en\/wp-json\/wp\/v2\/pages\/1451","targetHints":{"allow":["GET"]}}],"collection":[{"href":"https:\/\/biorenda.com\/en\/wp-json\/wp\/v2\/pages"}],"about":[{"href":"https:\/\/biorenda.com\/en\/wp-json\/wp\/v2\/types\/page"}],"author":[{"embeddable":true,"href":"https:\/\/biorenda.com\/en\/wp-json\/wp\/v2\/users\/1"}],"replies":[{"embeddable":true,"href":"https:\/\/biorenda.com\/en\/wp-json\/wp\/v2\/comments?post=1451"}],"version-history":[{"count":0,"href":"https:\/\/biorenda.com\/en\/wp-json\/wp\/v2\/pages\/1451\/revisions"}],"wp:attachment":[{"href":"https:\/\/biorenda.com\/en\/wp-json\/wp\/v2\/media?parent=1451"}],"curies":[{"name":"wp","href":"https:\/\/api.w.org\/{rel}","templated":true}]}}